{"id":3738,"date":"2025-06-10T12:21:53","date_gmt":"2025-06-10T12:21:53","guid":{"rendered":"https:\/\/digitalpulse-consulting.com\/imprint\/"},"modified":"2025-06-10T12:46:05","modified_gmt":"2025-06-10T12:46:05","slug":"imprint","status":"publish","type":"page","link":"https:\/\/digitalpulse-consulting.com\/de\/imprint\/","title":{"rendered":"Impressum"},"content":{"rendered":"\t\t<div data-elementor-type=\"wp-page\" data-elementor-id=\"3738\" class=\"elementor elementor-3738 elementor-3730\">\n\t\t\t\t<div class=\"elementor-element elementor-element-4e0a607 thegem-e-con-layout-thegem e-flex e-con-boxed e-con e-parent\" data-id=\"4e0a607\" data-element_type=\"container\" data-e-type=\"container\" data-settings=\"{&quot;thegem_container_layout&quot;:&quot;thegem&quot;}\">\r\n\t\t\t\t\t<div class=\"e-con-inner\">\r\n\t\t\t\t<div class=\"elementor-element elementor-element-930c99b flex-horizontal-align-default flex-horizontal-align-tablet-default flex-horizontal-align-mobile-default flex-vertical-align-default flex-vertical-align-tablet-default flex-vertical-align-mobile-default elementor-widget elementor-widget-text-editor\" data-id=\"930c99b\" data-element_type=\"widget\" data-e-type=\"widget\" data-widget_type=\"text-editor.default\">\n\t\t\t\t<div class=\"elementor-widget-container\">\n\t\t\t\t\t\t\t\t\t\t\t\t<div class=\"elementor-text-editor elementor-clearfix\">\r\n\t\t\t\t\t\t<p><b>DigitalPulse Consulting GmbH<\/b><b><br \/><\/b><span style=\"font-weight: 400;\">Sinserstrasse 67<\/span><span style=\"font-weight: 400;\"><br \/><\/span><span style=\"font-weight: 400;\">6330 Cham ZG<\/span><span style=\"font-weight: 400;\"><br \/><\/span><span style=\"font-weight: 400;\">Switzerland<\/span><\/p><p><span style=\"font-weight: 400;\">Email: <a href=\"mailto:info@digitalpulse-consulting.com\">info@digitalpulse-consulting.com<\/a><\/span><span style=\"font-weight: 400;\"><br \/><\/span><span style=\"font-weight: 400;\">Telefon: +41 78 883 00 57<\/span><\/p><p><span style=\"font-weight: 400;\">Handelsregister Nr: CHE-474.582.258<\/span><span style=\"font-weight: 400;\"><br \/><\/span><span style=\"font-weight: 400;\">Handelsregister-Amt: Kanton Zug<\/span><\/p><p><span style=\"font-weight: 400;\">Gesch\u00e4ftsf\u00fchrer: Teodora Marjanovic, Filip Marjanovic<\/span><\/p><div class=\"title-h3\">Website<\/div><p><a href=\"https:\/\/digitalpulse-consulting.com\/\"><span style=\"font-weight: 400;\">https:\/\/digitalpulse-consulting.com\/<\/span><\/a><\/p><div class=\"title-h3\">Copyright<\/div><p><span style=\"font-weight: 400;\">Inhalt, Informationen und das Material der Website von DigitalPulse Consulting GmbH (nachfolgend: DPC), sind urheberrechtlich gesch\u00fctzt. DPC l\u00e4sst die Vervielf\u00e4ltigung des Inhalts, der Informationen und des Materials der Website nur f\u00fcr den pers\u00f6nlichen, nicht-kommerziellen Gebrauch zu. Im \u00dcbrigen sind die Vervielf\u00e4ltigung, Distribution, \u00c4nderungen und Weitergabe des Inhalts, der Informationen und des Materials auf dieser Website ohne die Zustimmung von DPC untersagt.<\/span><\/p><div class=\"title-h3\">Haftungsausschluss<\/div><p><span style=\"font-weight: 400;\">DPC erstellt die Website und die darin enthaltenen Informationen mit gr\u00f6sstm\u00f6glicher Sorgfalt. Alle Informationen auf der Website von DPC erfolgen ohne Gew\u00e4hr f\u00fcr ihre Richtigkeit. Wir \u00fcbernehmen keine Haftung f\u00fcr die Verwendung der Website und der darin enthaltenen Informationen.<\/span><\/p><p><span style=\"font-weight: 400;\">DPC \u00fcbernimmt auch keine Haftung f\u00fcr die Inhalte anderer Websites, die Sie \u00fcber Hyperlinks besuchen k\u00f6nnen oder von denen aus auf diese Website hingewiesen wird. Hierbei handelt es sich um fremde Angebote, auf deren inhaltliche Gestaltung wir keinen Einfluss haben und f\u00fcr die DPC nicht verantwortlich ist.<\/span><\/p><p><span style=\"font-weight: 400;\">Die Informationen auf dieser Website dienen nur zu Informationszwecken. Durch die Verwendung der Informationen entsteht kein Vertragsverh\u00e4ltnis zwischen DPC und dem Nutzer.<\/span><\/p><p>\u00a0<\/p><p><b>Stand: Juni 2025<\/b><\/p>\t\t\t\t\t\t\t<\/div>\r\n\t\t\t\t\t\t\t\t\t\t<\/div>\n\t\t\t\t<\/div>\n\t\t\t\t\t<\/div>\n\t\t\t\t<\/div>\n\t\t\t\t<\/div>\n\t\t","protected":false},"excerpt":{"rendered":"<p>DigitalPulse Consulting GmbHSinserstrasse 676330 Cham ZGSwitzerland Email: info@digitalpulse-consulting.comTelefon: +41 78 883 00 57 Handelsregister Nr: CHE-474.582.258Handelsregister-Amt: Kanton Zug Gesch\u00e4ftsf\u00fchrer: Teodora&#8230;<\/p>\n","protected":false},"author":1,"featured_media":0,"parent":0,"menu_order":0,"comment_status":"closed","ping_status":"closed","template":"page-fullwidth.php","meta":{"footnotes":""},"class_list":["post-3738","page","type-page","status-publish"],"yoast_head":"<!-- This site is optimized with the Yoast SEO plugin v27.4 - https:\/\/yoast.com\/product\/yoast-seo-wordpress\/ -->\n<title>Impressum - DigitalPulse Consulting<\/title>\n<meta name=\"robots\" content=\"index, follow, max-snippet:-1, max-image-preview:large, max-video-preview:-1\" \/>\n<link rel=\"canonical\" href=\"https:\/\/digitalpulse-consulting.com\/de\/imprint\/\" \/>\n<meta property=\"og:locale\" content=\"de_DE\" \/>\n<meta property=\"og:type\" content=\"article\" \/>\n<meta property=\"og:title\" content=\"Impressum - DigitalPulse Consulting\" \/>\n<meta property=\"og:description\" content=\"DigitalPulse Consulting GmbHSinserstrasse 676330 Cham ZGSwitzerland Email: info@digitalpulse-consulting.comTelefon: +41 78 883 00 57 Handelsregister Nr: CHE-474.582.258Handelsregister-Amt: Kanton Zug Gesch\u00e4ftsf\u00fchrer: Teodora...\" \/>\n<meta property=\"og:url\" content=\"https:\/\/digitalpulse-consulting.com\/de\/imprint\/\" \/>\n<meta property=\"og:site_name\" content=\"DigitalPulse Consulting\" \/>\n<meta property=\"article:modified_time\" content=\"2025-06-10T12:46:05+00:00\" \/>\n<meta name=\"twitter:card\" content=\"summary_large_image\" \/>\n<meta name=\"twitter:label1\" content=\"Gesch\u00e4tzte Lesezeit\" \/>\n\t<meta name=\"twitter:data1\" content=\"2\u00a0Minuten\" \/>\n<script type=\"application\/ld+json\" class=\"yoast-schema-graph\">{\"@context\":\"https:\\\/\\\/schema.org\",\"@graph\":[{\"@type\":\"WebPage\",\"@id\":\"https:\\\/\\\/digitalpulse-consulting.com\\\/de\\\/imprint\\\/\",\"url\":\"https:\\\/\\\/digitalpulse-consulting.com\\\/de\\\/imprint\\\/\",\"name\":\"Impressum - DigitalPulse Consulting\",\"isPartOf\":{\"@id\":\"https:\\\/\\\/digitalpulse-consulting.com\\\/de\\\/#website\"},\"datePublished\":\"2025-06-10T12:21:53+00:00\",\"dateModified\":\"2025-06-10T12:46:05+00:00\",\"breadcrumb\":{\"@id\":\"https:\\\/\\\/digitalpulse-consulting.com\\\/de\\\/imprint\\\/#breadcrumb\"},\"inLanguage\":\"de\",\"potentialAction\":[{\"@type\":\"ReadAction\",\"target\":[\"https:\\\/\\\/digitalpulse-consulting.com\\\/de\\\/imprint\\\/\"]}]},{\"@type\":\"BreadcrumbList\",\"@id\":\"https:\\\/\\\/digitalpulse-consulting.com\\\/de\\\/imprint\\\/#breadcrumb\",\"itemListElement\":[{\"@type\":\"ListItem\",\"position\":1,\"name\":\"Home\",\"item\":\"https:\\\/\\\/digitalpulse-consulting.com\\\/de\\\/\"},{\"@type\":\"ListItem\",\"position\":2,\"name\":\"Impressum\"}]},{\"@type\":\"WebSite\",\"@id\":\"https:\\\/\\\/digitalpulse-consulting.com\\\/de\\\/#website\",\"url\":\"https:\\\/\\\/digitalpulse-consulting.com\\\/de\\\/\",\"name\":\"DigitalPulse Consulting\",\"description\":\"\",\"publisher\":{\"@id\":\"https:\\\/\\\/digitalpulse-consulting.com\\\/de\\\/#organization\"},\"potentialAction\":[{\"@type\":\"SearchAction\",\"target\":{\"@type\":\"EntryPoint\",\"urlTemplate\":\"https:\\\/\\\/digitalpulse-consulting.com\\\/de\\\/?s={search_term_string}\"},\"query-input\":{\"@type\":\"PropertyValueSpecification\",\"valueRequired\":true,\"valueName\":\"search_term_string\"}}],\"inLanguage\":\"de\"},{\"@type\":\"Organization\",\"@id\":\"https:\\\/\\\/digitalpulse-consulting.com\\\/de\\\/#organization\",\"name\":\"DigitalPulse Consulting\",\"url\":\"https:\\\/\\\/digitalpulse-consulting.com\\\/de\\\/\",\"logo\":{\"@type\":\"ImageObject\",\"inLanguage\":\"de\",\"@id\":\"https:\\\/\\\/digitalpulse-consulting.com\\\/de\\\/#\\\/schema\\\/logo\\\/image\\\/\",\"url\":\"https:\\\/\\\/digitalpulse-consulting.com\\\/wp-content\\\/uploads\\\/2025\\\/04\\\/DigitalPulse-Consulting-with-text-light-blue.png\",\"contentUrl\":\"https:\\\/\\\/digitalpulse-consulting.com\\\/wp-content\\\/uploads\\\/2025\\\/04\\\/DigitalPulse-Consulting-with-text-light-blue.png\",\"width\":2080,\"height\":996,\"caption\":\"DigitalPulse Consulting\"},\"image\":{\"@id\":\"https:\\\/\\\/digitalpulse-consulting.com\\\/de\\\/#\\\/schema\\\/logo\\\/image\\\/\"},\"sameAs\":[\"https:\\\/\\\/www.linkedin.com\\\/company\\\/digitalpulse-consulting-gmbh\",\"https:\\\/\\\/www.instagram.com\\\/digitalpulse_consulting\"]}]}<\/script>\n<!-- \/ Yoast SEO plugin. -->","yoast_head_json":{"title":"Impressum - DigitalPulse Consulting","robots":{"index":"index","follow":"follow","max-snippet":"max-snippet:-1","max-image-preview":"max-image-preview:large","max-video-preview":"max-video-preview:-1"},"canonical":"https:\/\/digitalpulse-consulting.com\/de\/imprint\/","og_locale":"de_DE","og_type":"article","og_title":"Impressum - DigitalPulse Consulting","og_description":"DigitalPulse Consulting GmbHSinserstrasse 676330 Cham ZGSwitzerland Email: info@digitalpulse-consulting.comTelefon: +41 78 883 00 57 Handelsregister Nr: CHE-474.582.258Handelsregister-Amt: Kanton Zug Gesch\u00e4ftsf\u00fchrer: Teodora...","og_url":"https:\/\/digitalpulse-consulting.com\/de\/imprint\/","og_site_name":"DigitalPulse Consulting","article_modified_time":"2025-06-10T12:46:05+00:00","twitter_card":"summary_large_image","twitter_misc":{"Gesch\u00e4tzte Lesezeit":"2\u00a0Minuten"},"schema":{"@context":"https:\/\/schema.org","@graph":[{"@type":"WebPage","@id":"https:\/\/digitalpulse-consulting.com\/de\/imprint\/","url":"https:\/\/digitalpulse-consulting.com\/de\/imprint\/","name":"Impressum - DigitalPulse Consulting","isPartOf":{"@id":"https:\/\/digitalpulse-consulting.com\/de\/#website"},"datePublished":"2025-06-10T12:21:53+00:00","dateModified":"2025-06-10T12:46:05+00:00","breadcrumb":{"@id":"https:\/\/digitalpulse-consulting.com\/de\/imprint\/#breadcrumb"},"inLanguage":"de","potentialAction":[{"@type":"ReadAction","target":["https:\/\/digitalpulse-consulting.com\/de\/imprint\/"]}]},{"@type":"BreadcrumbList","@id":"https:\/\/digitalpulse-consulting.com\/de\/imprint\/#breadcrumb","itemListElement":[{"@type":"ListItem","position":1,"name":"Home","item":"https:\/\/digitalpulse-consulting.com\/de\/"},{"@type":"ListItem","position":2,"name":"Impressum"}]},{"@type":"WebSite","@id":"https:\/\/digitalpulse-consulting.com\/de\/#website","url":"https:\/\/digitalpulse-consulting.com\/de\/","name":"DigitalPulse Consulting","description":"","publisher":{"@id":"https:\/\/digitalpulse-consulting.com\/de\/#organization"},"potentialAction":[{"@type":"SearchAction","target":{"@type":"EntryPoint","urlTemplate":"https:\/\/digitalpulse-consulting.com\/de\/?s={search_term_string}"},"query-input":{"@type":"PropertyValueSpecification","valueRequired":true,"valueName":"search_term_string"}}],"inLanguage":"de"},{"@type":"Organization","@id":"https:\/\/digitalpulse-consulting.com\/de\/#organization","name":"DigitalPulse Consulting","url":"https:\/\/digitalpulse-consulting.com\/de\/","logo":{"@type":"ImageObject","inLanguage":"de","@id":"https:\/\/digitalpulse-consulting.com\/de\/#\/schema\/logo\/image\/","url":"https:\/\/digitalpulse-consulting.com\/wp-content\/uploads\/2025\/04\/DigitalPulse-Consulting-with-text-light-blue.png","contentUrl":"https:\/\/digitalpulse-consulting.com\/wp-content\/uploads\/2025\/04\/DigitalPulse-Consulting-with-text-light-blue.png","width":2080,"height":996,"caption":"DigitalPulse Consulting"},"image":{"@id":"https:\/\/digitalpulse-consulting.com\/de\/#\/schema\/logo\/image\/"},"sameAs":["https:\/\/www.linkedin.com\/company\/digitalpulse-consulting-gmbh","https:\/\/www.instagram.com\/digitalpulse_consulting"]}]}},"_links":{"self":[{"href":"https:\/\/digitalpulse-consulting.com\/de\/wp-json\/wp\/v2\/pages\/3738","targetHints":{"allow":["GET"]}}],"collection":[{"href":"https:\/\/digitalpulse-consulting.com\/de\/wp-json\/wp\/v2\/pages"}],"about":[{"href":"https:\/\/digitalpulse-consulting.com\/de\/wp-json\/wp\/v2\/types\/page"}],"author":[{"embeddable":true,"href":"https:\/\/digitalpulse-consulting.com\/de\/wp-json\/wp\/v2\/users\/1"}],"replies":[{"embeddable":true,"href":"https:\/\/digitalpulse-consulting.com\/de\/wp-json\/wp\/v2\/comments?post=3738"}],"version-history":[{"count":4,"href":"https:\/\/digitalpulse-consulting.com\/de\/wp-json\/wp\/v2\/pages\/3738\/revisions"}],"predecessor-version":[{"id":3742,"href":"https:\/\/digitalpulse-consulting.com\/de\/wp-json\/wp\/v2\/pages\/3738\/revisions\/3742"}],"wp:attachment":[{"href":"https:\/\/digitalpulse-consulting.com\/de\/wp-json\/wp\/v2\/media?parent=3738"}],"curies":[{"name":"wp","href":"https:\/\/api.w.org\/{rel}","templated":true}]}}